{"id":132,"date":"2023-04-23T16:07:42","date_gmt":"2023-04-23T14:07:42","guid":{"rendered":"http:\/\/kravmaga-accord68.com\/?page_id=132"},"modified":"2025-09-02T17:26:19","modified_gmt":"2025-09-02T15:26:19","slug":"kma68-photos-et-videos","status":"publish","type":"page","link":"https:\/\/kravmaga-accord68.com\/index.php\/kma68-photos-et-videos\/","title":{"rendered":"KMA68 Photos et vid\u00e9os"},"content":{"rendered":"\n<p class=\"has-text-align-left has-source-serif-pro-font-family\" style=\"font-style:normal;font-weight:300\">Salut les kraveux, qu&rsquo;est-ce qu&rsquo;on fait au club ? <br>Retrouvez ici des photos et des vid\u00e9os prisent lors de cours. Nous postons volontairement que de brefs moments d&rsquo;actions car il est important de replacer chaque mouvement dans un contexte. <\/p>\n\n\n\n<p class=\"has-source-serif-pro-font-family\" style=\"font-style:normal;font-weight:300\">Si vous souhaitez en savoir plus, n&rsquo;h\u00e9sitez pas \u00e0 nous contacter sur notre page <a href=\"https:\/\/www.facebook.com\/pg\/Krav-Maga-Accord68-1121771644641324\/\">Facebook<\/a> et <a href=\"https:\/\/www.instagram.com\/krav_maga_accord68\/\">Instagram <\/a>ou laissez un message \u00e0 notre <a href=\"http:\/\/kravmaga-accord68.com\/\">secr\u00e9taire<\/a> !<\/p>\n\n\n<div class=\"widget catch-instagram-feed-gallery-widget\"><h2 class=\"widgettitle\">Instagram<\/h2><p class=\"cifgw-error\">Error validating application<\/p><\/div>\n\n\n<div class=\"wp-block-columns is-layout-flex wp-container-1\"><\/div>\n","protected":false},"excerpt":{"rendered":"<p>Salut les kraveux, qu&rsquo;est-ce qu&rsquo;on fait au club ? Retrouvez ici des photos et des vid\u00e9os prisent lors de cours. Nous postons volontairement que de brefs moments d&rsquo;actions car il est important de replacer chaque mouvement dans un contexte. Si vous souhaitez en savoir plus, n&rsquo;h\u00e9sitez pas \u00e0 nous contacter sur notre page Facebook et [&hellip;]<\/p>\n","protected":false},"author":1,"featured_media":0,"parent":0,"menu_order":0,"comment_status":"closed","ping_status":"closed","template":"","meta":[],"yoast_head":"<!-- This site is optimized with the Yoast SEO plugin v20.5 - https:\/\/yoast.com\/wordpress\/plugins\/seo\/ -->\n<title>KMA68 Photos et vid\u00e9os - KravMaga Accord 68<\/title>\n<meta name=\"description\" content=\"Retrouvez les photos et vid\u00e9os du club KMA68 publi\u00e9es sur Instagram. Ainsi que toute notre actualit\u00e9. Likez, partagez !\" \/>\n<meta name=\"robots\" content=\"index, follow, max-snippet:-1, max-image-preview:large, max-video-preview:-1\" \/>\n<link rel=\"canonical\" href=\"https:\/\/kravmaga-accord68.com\/index.php\/kma68-photos-et-videos\/\" \/>\n<meta property=\"og:locale\" content=\"fr_FR\" \/>\n<meta property=\"og:type\" content=\"article\" \/>\n<meta property=\"og:title\" content=\"KMA68 Photos et vid\u00e9os - KravMaga Accord 68\" \/>\n<meta property=\"og:description\" content=\"Retrouvez les photos et vid\u00e9os du club KMA68 publi\u00e9es sur Instagram. Ainsi que toute notre actualit\u00e9. Likez, partagez !\" \/>\n<meta property=\"og:url\" content=\"https:\/\/kravmaga-accord68.com\/index.php\/kma68-photos-et-videos\/\" \/>\n<meta property=\"og:site_name\" content=\"KravMaga Accord 68\" \/>\n<meta property=\"article:publisher\" content=\"https:\/\/www.facebook.com\/Krav-Maga-Accord68-1121771644641324\/\" \/>\n<meta property=\"article:modified_time\" content=\"2025-09-02T15:26:19+00:00\" \/>\n<meta name=\"twitter:card\" content=\"summary_large_image\" \/>\n<meta name=\"twitter:label1\" content=\"Dur\u00e9e de lecture estim\u00e9e\" \/>\n\t<meta name=\"twitter:data1\" content=\"1 minute\" \/>\n<script type=\"application\/ld+json\" class=\"yoast-schema-graph\">{\"@context\":\"https:\/\/schema.org\",\"@graph\":[{\"@type\":\"WebPage\",\"@id\":\"https:\/\/kravmaga-accord68.com\/index.php\/kma68-photos-et-videos\/\",\"url\":\"https:\/\/kravmaga-accord68.com\/index.php\/kma68-photos-et-videos\/\",\"name\":\"KMA68 Photos et vid\u00e9os - KravMaga Accord 68\",\"isPartOf\":{\"@id\":\"https:\/\/kravmaga-accord68.com\/#website\"},\"datePublished\":\"2023-04-23T14:07:42+00:00\",\"dateModified\":\"2025-09-02T15:26:19+00:00\",\"description\":\"Retrouvez les photos et vid\u00e9os du club KMA68 publi\u00e9es sur Instagram. Ainsi que toute notre actualit\u00e9. Likez, partagez !\",\"breadcrumb\":{\"@id\":\"https:\/\/kravmaga-accord68.com\/index.php\/kma68-photos-et-videos\/#breadcrumb\"},\"inLanguage\":\"fr-FR\",\"potentialAction\":[{\"@type\":\"ReadAction\",\"target\":[\"https:\/\/kravmaga-accord68.com\/index.php\/kma68-photos-et-videos\/\"]}]},{\"@type\":\"BreadcrumbList\",\"@id\":\"https:\/\/kravmaga-accord68.com\/index.php\/kma68-photos-et-videos\/#breadcrumb\",\"itemListElement\":[{\"@type\":\"ListItem\",\"position\":1,\"name\":\"Home\",\"item\":\"https:\/\/kravmaga-accord68.com\/\"},{\"@type\":\"ListItem\",\"position\":2,\"name\":\"KMA68 Photos et vid\u00e9os\"}]},{\"@type\":\"WebSite\",\"@id\":\"https:\/\/kravmaga-accord68.com\/#website\",\"url\":\"https:\/\/kravmaga-accord68.com\/\",\"name\":\"KravMaga Accord 68\",\"description\":\"Vae Victis\",\"publisher\":{\"@id\":\"https:\/\/kravmaga-accord68.com\/#organization\"},\"potentialAction\":[{\"@type\":\"SearchAction\",\"target\":{\"@type\":\"EntryPoint\",\"urlTemplate\":\"https:\/\/kravmaga-accord68.com\/?s={search_term_string}\"},\"query-input\":\"required name=search_term_string\"}],\"inLanguage\":\"fr-FR\"},{\"@type\":\"Organization\",\"@id\":\"https:\/\/kravmaga-accord68.com\/#organization\",\"name\":\"Krav Maga Accord 68\",\"url\":\"https:\/\/kravmaga-accord68.com\/\",\"logo\":{\"@type\":\"ImageObject\",\"inLanguage\":\"fr-FR\",\"@id\":\"https:\/\/kravmaga-accord68.com\/#\/schema\/logo\/image\/\",\"url\":\"http:\/\/kravmaga-accord68.com\/wp-content\/uploads\/2019\/11\/Photo-1-100.jpg\",\"contentUrl\":\"http:\/\/kravmaga-accord68.com\/wp-content\/uploads\/2019\/11\/Photo-1-100.jpg\",\"width\":567,\"height\":426,\"caption\":\"Krav Maga Accord 68\"},\"image\":{\"@id\":\"https:\/\/kravmaga-accord68.com\/#\/schema\/logo\/image\/\"},\"sameAs\":[\"https:\/\/www.facebook.com\/Krav-Maga-Accord68-1121771644641324\/\"]}]}<\/script>\n<!-- \/ Yoast SEO plugin. -->","yoast_head_json":{"title":"KMA68 Photos et vid\u00e9os - KravMaga Accord 68","description":"Retrouvez les photos et vid\u00e9os du club KMA68 publi\u00e9es sur Instagram. Ainsi que toute notre actualit\u00e9. Likez, partagez !","robots":{"index":"index","follow":"follow","max-snippet":"max-snippet:-1","max-image-preview":"max-image-preview:large","max-video-preview":"max-video-preview:-1"},"canonical":"https:\/\/kravmaga-accord68.com\/index.php\/kma68-photos-et-videos\/","og_locale":"fr_FR","og_type":"article","og_title":"KMA68 Photos et vid\u00e9os - KravMaga Accord 68","og_description":"Retrouvez les photos et vid\u00e9os du club KMA68 publi\u00e9es sur Instagram. Ainsi que toute notre actualit\u00e9. Likez, partagez !","og_url":"https:\/\/kravmaga-accord68.com\/index.php\/kma68-photos-et-videos\/","og_site_name":"KravMaga Accord 68","article_publisher":"https:\/\/www.facebook.com\/Krav-Maga-Accord68-1121771644641324\/","article_modified_time":"2025-09-02T15:26:19+00:00","twitter_card":"summary_large_image","twitter_misc":{"Dur\u00e9e de lecture estim\u00e9e":"1 minute"},"schema":{"@context":"https:\/\/schema.org","@graph":[{"@type":"WebPage","@id":"https:\/\/kravmaga-accord68.com\/index.php\/kma68-photos-et-videos\/","url":"https:\/\/kravmaga-accord68.com\/index.php\/kma68-photos-et-videos\/","name":"KMA68 Photos et vid\u00e9os - KravMaga Accord 68","isPartOf":{"@id":"https:\/\/kravmaga-accord68.com\/#website"},"datePublished":"2023-04-23T14:07:42+00:00","dateModified":"2025-09-02T15:26:19+00:00","description":"Retrouvez les photos et vid\u00e9os du club KMA68 publi\u00e9es sur Instagram. Ainsi que toute notre actualit\u00e9. Likez, partagez !","breadcrumb":{"@id":"https:\/\/kravmaga-accord68.com\/index.php\/kma68-photos-et-videos\/#breadcrumb"},"inLanguage":"fr-FR","potentialAction":[{"@type":"ReadAction","target":["https:\/\/kravmaga-accord68.com\/index.php\/kma68-photos-et-videos\/"]}]},{"@type":"BreadcrumbList","@id":"https:\/\/kravmaga-accord68.com\/index.php\/kma68-photos-et-videos\/#breadcrumb","itemListElement":[{"@type":"ListItem","position":1,"name":"Home","item":"https:\/\/kravmaga-accord68.com\/"},{"@type":"ListItem","position":2,"name":"KMA68 Photos et vid\u00e9os"}]},{"@type":"WebSite","@id":"https:\/\/kravmaga-accord68.com\/#website","url":"https:\/\/kravmaga-accord68.com\/","name":"KravMaga Accord 68","description":"Vae Victis","publisher":{"@id":"https:\/\/kravmaga-accord68.com\/#organization"},"potentialAction":[{"@type":"SearchAction","target":{"@type":"EntryPoint","urlTemplate":"https:\/\/kravmaga-accord68.com\/?s={search_term_string}"},"query-input":"required name=search_term_string"}],"inLanguage":"fr-FR"},{"@type":"Organization","@id":"https:\/\/kravmaga-accord68.com\/#organization","name":"Krav Maga Accord 68","url":"https:\/\/kravmaga-accord68.com\/","logo":{"@type":"ImageObject","inLanguage":"fr-FR","@id":"https:\/\/kravmaga-accord68.com\/#\/schema\/logo\/image\/","url":"http:\/\/kravmaga-accord68.com\/wp-content\/uploads\/2019\/11\/Photo-1-100.jpg","contentUrl":"http:\/\/kravmaga-accord68.com\/wp-content\/uploads\/2019\/11\/Photo-1-100.jpg","width":567,"height":426,"caption":"Krav Maga Accord 68"},"image":{"@id":"https:\/\/kravmaga-accord68.com\/#\/schema\/logo\/image\/"},"sameAs":["https:\/\/www.facebook.com\/Krav-Maga-Accord68-1121771644641324\/"]}]}},"_links":{"self":[{"href":"https:\/\/kravmaga-accord68.com\/index.php\/wp-json\/wp\/v2\/pages\/132"}],"collection":[{"href":"https:\/\/kravmaga-accord68.com\/index.php\/wp-json\/wp\/v2\/pages"}],"about":[{"href":"https:\/\/kravmaga-accord68.com\/index.php\/wp-json\/wp\/v2\/types\/page"}],"author":[{"embeddable":true,"href":"https:\/\/kravmaga-accord68.com\/index.php\/wp-json\/wp\/v2\/users\/1"}],"replies":[{"embeddable":true,"href":"https:\/\/kravmaga-accord68.com\/index.php\/wp-json\/wp\/v2\/comments?post=132"}],"version-history":[{"count":8,"href":"https:\/\/kravmaga-accord68.com\/index.php\/wp-json\/wp\/v2\/pages\/132\/revisions"}],"predecessor-version":[{"id":195,"href":"https:\/\/kravmaga-accord68.com\/index.php\/wp-json\/wp\/v2\/pages\/132\/revisions\/195"}],"wp:attachment":[{"href":"https:\/\/kravmaga-accord68.com\/index.php\/wp-json\/wp\/v2\/media?parent=132"}],"curies":[{"name":"wp","href":"https:\/\/api.w.org\/{rel}","templated":true}]}}