{"id":6,"date":"2019-09-26T11:50:48","date_gmt":"2019-09-26T09:50:48","guid":{"rendered":"http:\/\/kravmaga-accord68.com\/?page_id=6"},"modified":"2025-09-02T17:37:13","modified_gmt":"2025-09-02T15:37:13","slug":"quest-ce-que-le-krav-maga","status":"publish","type":"page","link":"https:\/\/kravmaga-accord68.com\/","title":{"rendered":"Histoire br\u00e8ve du Krav Maga"},"content":{"rendered":"\n<p class=\"has-white-color has-text-color\">Qu&rsquo;est ce que le Krav Maga ?<\/p>\n\n\n\n<p class=\"has-foreground-color has-text-color has-link-color has-source-serif-pro-font-family has-medium-font-size wp-elements-f20129214603f1b684b000bc389aa622\" style=\"font-style:normal;font-weight:300\">Le Krav Maga est \u00e0 l&rsquo;origine une m\u00e9thode d&rsquo;autod\u00e9fense d&rsquo;origine isra\u00e9lo-tch\u00e9coslovaque hongroise combinant des techniques provenant de la boxe, du muay-tha\u00ef, du judo, du ju-jitsu et de la lutte.<br>Le krav maga est en perp\u00e9tuelle \u00e9volution.<br>Pour plus d&rsquo;informations : <a href=\"https:\/\/fr.wikipedia.org\/wiki\/Krav-maga\">Wikipedia<\/a><\/p>\n\n\n\n<div class=\"wp-block-query alignwide is-layout-constrained\"><ul class=\"alignwide wp-block-post-template is-layout-flow\"><li class=\"wp-block-post post-88 post type-post status-publish format-standard hentry category-article tag-alsace tag-altkirch tag-defense tag-feminine tag-femme tag-krav tag-krav-maga-accord-68 tag-maga tag-self tag-sud tag-sud-alsace\">\n\n<div class=\"wp-block-group is-layout-constrained\"><h2 class=\"alignwide wp-block-post-title has-var-wp-custom-typography-font-size-huge-clamp-2-25-rem-4-vw-2-75-rem-font-size\"><a href=\"https:\/\/kravmaga-accord68.com\/index.php\/2019\/11\/30\/self-defense-feminine\/\" target=\"_self\" >La Self-d\u00e9fense f\u00e9minine<\/a><\/h2>\n\n\n<div class=\"wp-block-columns alignwide is-layout-flex wp-container-3\">\n<div class=\"wp-block-column is-layout-flow\" style=\"flex-basis:650px\"><div style=\"font-style:normal;font-weight:300;\" class=\"wp-block-post-excerpt has-source-serif-pro-font-family\"><p class=\"wp-block-post-excerpt__excerpt\">Le Krav Maga permet d\u2019acqu\u00e9rir des techniques de d\u00e9fenses pouvant s\u2019adapter \u00e0 tous les gabarits. Il est cependant \u00e9vident qu\u2019une femme ne poss\u00e9dant pas les m\u00eames avantages physiques, morphologiques voire psychologiques qu\u2019un homme, il lui faut adapter ses diff\u00e9rentes ripostes en fonction du morphotype de l\u2019individu, mais aussi en fonction de la tenue vestimentaire (jupe, [&hellip;] <\/p><\/div>\n\n<div style=\"font-style:italic;font-weight:400;\" class=\"wp-block-post-date has-small-font-size\"><time datetime=\"2019-11-30T13:26:19+01:00\"><a href=\"https:\/\/kravmaga-accord68.com\/index.php\/2019\/11\/30\/self-defense-feminine\/\">novembre 30, 2019<\/a><\/time><\/div><\/div>\n\n\n\n<div class=\"wp-block-column is-layout-flow\"><\/div>\n<\/div>\n\n\n\n<div style=\"height:16px\" aria-hidden=\"true\" class=\"wp-block-spacer\"><\/div>\n\n\n\n<hr class=\"wp-block-separator has-css-opacity alignwide is-style-wide\"\/>\n\n\n\n<div style=\"height:16px\" aria-hidden=\"true\" class=\"wp-block-spacer\"><\/div>\n<\/div>\n\n<\/li><\/ul>\n\n<\/div>\n\n\n\n<p><\/p>\n\n\n<p><!--StartFragment--><\/p>\n\n\n<p>Nous rejoindre sur<a href=\"https:\/\/www.facebook.com\/pg\/Krav-Maga-Accord68-1121771644641324\/about\/?ref=page_internal\"> Facebook<\/a> &amp;   <a href=\"https:\/\/www.instagram.com\/krav_maga_accord68\/\">Instagram<\/a> <\/p>\n\n\n\n<p>Retour \u00e0 la page <a href=\"http:\/\/kravmaga-accord68.com\/\">d&rsquo;accueil<\/a><\/p>\n\n\n<p><!--EndFragment--><\/p>","protected":false},"excerpt":{"rendered":"<p>Qu&rsquo;est ce que le Krav Maga ? Le Krav Maga est \u00e0 l&rsquo;origine une m\u00e9thode d&rsquo;autod\u00e9fense d&rsquo;origine isra\u00e9lo-tch\u00e9coslovaque hongroise combinant des techniques provenant de la boxe, du muay-tha\u00ef, du judo, du ju-jitsu et de la lutte.Le krav maga est en perp\u00e9tuelle \u00e9volution.Pour plus d&rsquo;informations : Wikipedia Nous rejoindre sur Facebook &amp; Instagram Retour \u00e0 la [&hellip;]<\/p>\n","protected":false},"author":1,"featured_media":0,"parent":0,"menu_order":0,"comment_status":"closed","ping_status":"closed","template":"","meta":[],"yoast_head":"<!-- This site is optimized with the Yoast SEO plugin v20.5 - https:\/\/yoast.com\/wordpress\/plugins\/seo\/ -->\n<title>KravMaga Accord 68 - Histoire br\u00e8ve du Krav Maga<\/title>\n<meta name=\"description\" content=\"D&#039;o\u00f9 \u00e7a vient et depuis quand le pratique t&#039;on et pourquoi ? En quoi diff\u00e8re t&#039;il des autres arts martiaux. Pour en savoir plus !\" \/>\n<meta name=\"robots\" content=\"index, follow, max-snippet:-1, max-image-preview:large, max-video-preview:-1\" \/>\n<link rel=\"canonical\" href=\"https:\/\/kravmaga-accord68.com\/\" \/>\n<meta property=\"og:locale\" content=\"fr_FR\" \/>\n<meta property=\"og:type\" content=\"article\" \/>\n<meta property=\"og:title\" content=\"KravMaga Accord 68 - Histoire br\u00e8ve du Krav Maga\" \/>\n<meta property=\"og:description\" content=\"D&#039;o\u00f9 \u00e7a vient et depuis quand le pratique t&#039;on et pourquoi ? En quoi diff\u00e8re t&#039;il des autres arts martiaux. Pour en savoir plus !\" \/>\n<meta property=\"og:url\" content=\"https:\/\/kravmaga-accord68.com\/\" \/>\n<meta property=\"og:site_name\" content=\"KravMaga Accord 68\" \/>\n<meta property=\"article:publisher\" content=\"https:\/\/www.facebook.com\/Krav-Maga-Accord68-1121771644641324\/\" \/>\n<meta property=\"article:modified_time\" content=\"2025-09-02T15:37:13+00:00\" \/>\n<meta name=\"twitter:card\" content=\"summary_large_image\" \/>\n<meta name=\"twitter:label1\" content=\"Dur\u00e9e de lecture estim\u00e9e\" \/>\n\t<meta name=\"twitter:data1\" content=\"1 minute\" \/>\n<script type=\"application\/ld+json\" class=\"yoast-schema-graph\">{\"@context\":\"https:\/\/schema.org\",\"@graph\":[{\"@type\":\"WebPage\",\"@id\":\"https:\/\/kravmaga-accord68.com\/\",\"url\":\"https:\/\/kravmaga-accord68.com\/\",\"name\":\"KravMaga Accord 68 - Histoire br\u00e8ve du Krav Maga\",\"isPartOf\":{\"@id\":\"https:\/\/kravmaga-accord68.com\/#website\"},\"datePublished\":\"2019-09-26T09:50:48+00:00\",\"dateModified\":\"2025-09-02T15:37:13+00:00\",\"description\":\"D'o\u00f9 \u00e7a vient et depuis quand le pratique t'on et pourquoi ? En quoi diff\u00e8re t'il des autres arts martiaux. Pour en savoir plus !\",\"breadcrumb\":{\"@id\":\"https:\/\/kravmaga-accord68.com\/#breadcrumb\"},\"inLanguage\":\"fr-FR\",\"potentialAction\":[{\"@type\":\"ReadAction\",\"target\":[\"https:\/\/kravmaga-accord68.com\/\"]}]},{\"@type\":\"BreadcrumbList\",\"@id\":\"https:\/\/kravmaga-accord68.com\/#breadcrumb\",\"itemListElement\":[{\"@type\":\"ListItem\",\"position\":1,\"name\":\"Home\",\"item\":\"https:\/\/kravmaga-accord68.com\/\"},{\"@type\":\"ListItem\",\"position\":2,\"name\":\"Histoire br\u00e8ve du Krav Maga\"}]},{\"@type\":\"WebSite\",\"@id\":\"https:\/\/kravmaga-accord68.com\/#website\",\"url\":\"https:\/\/kravmaga-accord68.com\/\",\"name\":\"KravMaga Accord 68\",\"description\":\"Vae Victis\",\"publisher\":{\"@id\":\"https:\/\/kravmaga-accord68.com\/#organization\"},\"potentialAction\":[{\"@type\":\"SearchAction\",\"target\":{\"@type\":\"EntryPoint\",\"urlTemplate\":\"https:\/\/kravmaga-accord68.com\/?s={search_term_string}\"},\"query-input\":\"required name=search_term_string\"}],\"inLanguage\":\"fr-FR\"},{\"@type\":\"Organization\",\"@id\":\"https:\/\/kravmaga-accord68.com\/#organization\",\"name\":\"Krav Maga Accord 68\",\"url\":\"https:\/\/kravmaga-accord68.com\/\",\"logo\":{\"@type\":\"ImageObject\",\"inLanguage\":\"fr-FR\",\"@id\":\"https:\/\/kravmaga-accord68.com\/#\/schema\/logo\/image\/\",\"url\":\"http:\/\/kravmaga-accord68.com\/wp-content\/uploads\/2019\/11\/Photo-1-100.jpg\",\"contentUrl\":\"http:\/\/kravmaga-accord68.com\/wp-content\/uploads\/2019\/11\/Photo-1-100.jpg\",\"width\":567,\"height\":426,\"caption\":\"Krav Maga Accord 68\"},\"image\":{\"@id\":\"https:\/\/kravmaga-accord68.com\/#\/schema\/logo\/image\/\"},\"sameAs\":[\"https:\/\/www.facebook.com\/Krav-Maga-Accord68-1121771644641324\/\"]}]}<\/script>\n<!-- \/ Yoast SEO plugin. -->","yoast_head_json":{"title":"KravMaga Accord 68 - Histoire br\u00e8ve du Krav Maga","description":"D'o\u00f9 \u00e7a vient et depuis quand le pratique t'on et pourquoi ? En quoi diff\u00e8re t'il des autres arts martiaux. Pour en savoir plus !","robots":{"index":"index","follow":"follow","max-snippet":"max-snippet:-1","max-image-preview":"max-image-preview:large","max-video-preview":"max-video-preview:-1"},"canonical":"https:\/\/kravmaga-accord68.com\/","og_locale":"fr_FR","og_type":"article","og_title":"KravMaga Accord 68 - Histoire br\u00e8ve du Krav Maga","og_description":"D'o\u00f9 \u00e7a vient et depuis quand le pratique t'on et pourquoi ? En quoi diff\u00e8re t'il des autres arts martiaux. Pour en savoir plus !","og_url":"https:\/\/kravmaga-accord68.com\/","og_site_name":"KravMaga Accord 68","article_publisher":"https:\/\/www.facebook.com\/Krav-Maga-Accord68-1121771644641324\/","article_modified_time":"2025-09-02T15:37:13+00:00","twitter_card":"summary_large_image","twitter_misc":{"Dur\u00e9e de lecture estim\u00e9e":"1 minute"},"schema":{"@context":"https:\/\/schema.org","@graph":[{"@type":"WebPage","@id":"https:\/\/kravmaga-accord68.com\/","url":"https:\/\/kravmaga-accord68.com\/","name":"KravMaga Accord 68 - Histoire br\u00e8ve du Krav Maga","isPartOf":{"@id":"https:\/\/kravmaga-accord68.com\/#website"},"datePublished":"2019-09-26T09:50:48+00:00","dateModified":"2025-09-02T15:37:13+00:00","description":"D'o\u00f9 \u00e7a vient et depuis quand le pratique t'on et pourquoi ? En quoi diff\u00e8re t'il des autres arts martiaux. Pour en savoir plus !","breadcrumb":{"@id":"https:\/\/kravmaga-accord68.com\/#breadcrumb"},"inLanguage":"fr-FR","potentialAction":[{"@type":"ReadAction","target":["https:\/\/kravmaga-accord68.com\/"]}]},{"@type":"BreadcrumbList","@id":"https:\/\/kravmaga-accord68.com\/#breadcrumb","itemListElement":[{"@type":"ListItem","position":1,"name":"Home","item":"https:\/\/kravmaga-accord68.com\/"},{"@type":"ListItem","position":2,"name":"Histoire br\u00e8ve du Krav Maga"}]},{"@type":"WebSite","@id":"https:\/\/kravmaga-accord68.com\/#website","url":"https:\/\/kravmaga-accord68.com\/","name":"KravMaga Accord 68","description":"Vae Victis","publisher":{"@id":"https:\/\/kravmaga-accord68.com\/#organization"},"potentialAction":[{"@type":"SearchAction","target":{"@type":"EntryPoint","urlTemplate":"https:\/\/kravmaga-accord68.com\/?s={search_term_string}"},"query-input":"required name=search_term_string"}],"inLanguage":"fr-FR"},{"@type":"Organization","@id":"https:\/\/kravmaga-accord68.com\/#organization","name":"Krav Maga Accord 68","url":"https:\/\/kravmaga-accord68.com\/","logo":{"@type":"ImageObject","inLanguage":"fr-FR","@id":"https:\/\/kravmaga-accord68.com\/#\/schema\/logo\/image\/","url":"http:\/\/kravmaga-accord68.com\/wp-content\/uploads\/2019\/11\/Photo-1-100.jpg","contentUrl":"http:\/\/kravmaga-accord68.com\/wp-content\/uploads\/2019\/11\/Photo-1-100.jpg","width":567,"height":426,"caption":"Krav Maga Accord 68"},"image":{"@id":"https:\/\/kravmaga-accord68.com\/#\/schema\/logo\/image\/"},"sameAs":["https:\/\/www.facebook.com\/Krav-Maga-Accord68-1121771644641324\/"]}]}},"_links":{"self":[{"href":"https:\/\/kravmaga-accord68.com\/index.php\/wp-json\/wp\/v2\/pages\/6"}],"collection":[{"href":"https:\/\/kravmaga-accord68.com\/index.php\/wp-json\/wp\/v2\/pages"}],"about":[{"href":"https:\/\/kravmaga-accord68.com\/index.php\/wp-json\/wp\/v2\/types\/page"}],"author":[{"embeddable":true,"href":"https:\/\/kravmaga-accord68.com\/index.php\/wp-json\/wp\/v2\/users\/1"}],"replies":[{"embeddable":true,"href":"https:\/\/kravmaga-accord68.com\/index.php\/wp-json\/wp\/v2\/comments?post=6"}],"version-history":[{"count":13,"href":"https:\/\/kravmaga-accord68.com\/index.php\/wp-json\/wp\/v2\/pages\/6\/revisions"}],"predecessor-version":[{"id":203,"href":"https:\/\/kravmaga-accord68.com\/index.php\/wp-json\/wp\/v2\/pages\/6\/revisions\/203"}],"wp:attachment":[{"href":"https:\/\/kravmaga-accord68.com\/index.php\/wp-json\/wp\/v2\/media?parent=6"}],"curies":[{"name":"wp","href":"https:\/\/api.w.org\/{rel}","templated":true}]}}