{"id":7,"date":"2019-09-26T11:50:48","date_gmt":"2019-09-26T09:50:48","guid":{"rendered":"http:\/\/kravmaga-accord68.com\/?page_id=7"},"modified":"2025-09-08T12:04:31","modified_gmt":"2025-09-08T10:04:31","slug":"kma68-infos-pratiques-ou-et-quand-pratiquer-et-a-quel-tarif-decouvrez-nos-offres-et-venez-nous-rejoindre","status":"publish","type":"page","link":"https:\/\/kravmaga-accord68.com\/index.php\/kma68-infos-pratiques-ou-et-quand-pratiquer-et-a-quel-tarif-decouvrez-nos-offres-et-venez-nous-rejoindre\/","title":{"rendered":"Infos pratiques du KMA68"},"content":{"rendered":"\n<p class=\"has-text-align-left has-source-serif-pro-font-family\" style=\"font-size:20px;font-style:normal;font-weight:300\">Vous souhaitez en savoir plus sur le Krav-Maga ? Tester et d\u00e9couvrir ou encore vous perfectionner ? <br>Vous trouverez ici toutes les infos pratiques sur le club KMA68 pour vous inscrire et d\u00e9couvrir les lieux d&rsquo;entra\u00eenement ainsi que les instructeurs qui dispensent les sessions.<br>Vous h\u00e9sitez ? Nous vous accueillons pour faire un test dans chacun de nos cours. <\/p>\n\n\n\n<ul class=\"has-source-serif-pro-font-family\">\n<li><strong>Coordonn\u00e9es :<\/strong><\/li>\n\n\n\n<li><strong>Secr\u00e9taire :<\/strong><\/li>\n\n\n\n<li>St\u00e9phane Duval<\/li>\n\n\n\n<li style=\"text-decoration:underline\"><strong><a href=\"mailto:avmaga.kma68@gmail.com\">Kravmaga.kma68@gmail.com<\/a><\/strong><\/li>\n\n\n\n<li>+33 6 84 70 48 80<br><\/li>\n\n\n\n<li><strong> Pr\u00e9sident :<\/strong><\/li>\n\n\n\n<li>Gilles Odon<\/li>\n\n\n\n<li>\u202d+33 6 37 29 86 98<\/li>\n<\/ul>\n\n\n\n<ul class=\"has-source-serif-pro-font-family\">\n<li><strong>Les Lieux entra\u00eenements :<\/strong><\/li>\n\n\n\n<li>Colmar : coll\u00e8ge saint jean &#8211; rue du Rueil &#8211; colmar<\/li>\n\n\n\n<li>Altkirch : Salle Omnisports la Palestre &#8211; rue de Hirtzbach &#8211; Altkirch<\/li>\n\n\n\n<li>Morschwiller le Bas : Salle Polyvalente &#8211; 45, rue principale &#8211; Morschwiller le bas<\/li>\n<\/ul>\n\n\n\n<ul class=\"has-source-serif-pro-font-family\">\n<li><strong>Tarif :<\/strong><\/li>\n\n\n\n<li>Adultes 220\u20ac<\/li>\n\n\n\n<li>Jeunes de 16 \u00e0 18 ans 200 \u20ac<\/li>\n\n\n\n<li>Enfants de 11 \u00e0 15 ans 170\u20ac<\/li>\n\n\n\n<li>10% de r\u00e9duction pour les familles<\/li>\n\n\n\n<li>Carnet de 10 s\u00e9ances au choix \u00e0 70\u20ac<\/li>\n<\/ul>\n\n\n\n<p class=\"has-source-serif-pro-font-family\"><strong>Les entra\u00eenements<\/strong><br>\u2022 <strong>Altkirch :<\/strong> lundi &amp; vendredi 20h-22h \/ Samedi 13h30-15h<br>\u2022 <strong>Colmar :<\/strong> mardis &amp; jeudis 20h-22h<br>\u2022 <strong>Morschwiller le Bas\u00a0: <\/strong>Lundis &amp; vendredis 18h30-19h40 ( Pour les 11-15 ans) et de 19h45 \u00e0 21h15 pour les 16 ans et + et adultes <\/p>\n\n\n\n<p class=\"has-source-serif-pro-font-family\"><strong>Sur le Web <\/strong><br>Nous rejoindre sur<a href=\"https:\/\/www.facebook.com\/pg\/Krav-Maga-Accord68-1121771644641324\/about\/?ref=page_internal\"> Facebook<\/a> &amp;   <a href=\"https:\/\/www.instagram.com\/krav_maga_accord68\/\">Instagram<\/a> <\/p>\n\n\n\n<p class=\"has-source-serif-pro-font-family\">Retour \u00e0 la page <a href=\"http:\/\/kravmaga-accord68.com\/\">d&rsquo;accueil<\/a><\/p>\n","protected":false},"excerpt":{"rendered":"<p>Vous souhaitez en savoir plus sur le Krav-Maga ? Tester et d\u00e9couvrir ou encore vous perfectionner ? Vous trouverez ici toutes les infos pratiques sur le club KMA68 pour vous inscrire et d\u00e9couvrir les lieux d&rsquo;entra\u00eenement ainsi que les instructeurs qui dispensent les sessions.Vous h\u00e9sitez ? Nous vous accueillons pour faire un test dans chacun [&hellip;]<\/p>\n","protected":false},"author":1,"featured_media":0,"parent":0,"menu_order":0,"comment_status":"closed","ping_status":"closed","template":"","meta":[],"yoast_head":"<!-- This site is optimized with the Yoast SEO plugin v20.5 - https:\/\/yoast.com\/wordpress\/plugins\/seo\/ -->\n<title>Infos du KravMaga Accord 68 pour d\u00e9couvrir ou se perfectionner<\/title>\n<meta name=\"description\" content=\"Le KravMaga Accord 68 vous accueille \u00e0 Altkirch, Colmar et Morschwiller le Bas. D\u00e9couvrir, tester ou perfectionner ? Toutes les infos pratiques ici !\" \/>\n<meta name=\"robots\" content=\"index, follow, max-snippet:-1, max-image-preview:large, max-video-preview:-1\" \/>\n<link rel=\"canonical\" href=\"https:\/\/kravmaga-accord68.com\/index.php\/kma68-infos-pratiques-ou-et-quand-pratiquer-et-a-quel-tarif-decouvrez-nos-offres-et-venez-nous-rejoindre\/\" \/>\n<meta property=\"og:locale\" content=\"fr_FR\" \/>\n<meta property=\"og:type\" content=\"article\" \/>\n<meta property=\"og:title\" content=\"Infos du KravMaga Accord 68 pour d\u00e9couvrir ou se perfectionner\" \/>\n<meta property=\"og:description\" content=\"Le KravMaga Accord 68 vous accueille \u00e0 Altkirch, Colmar et Morschwiller le Bas. D\u00e9couvrir, tester ou perfectionner ? Toutes les infos pratiques ici !\" \/>\n<meta property=\"og:url\" content=\"https:\/\/kravmaga-accord68.com\/index.php\/kma68-infos-pratiques-ou-et-quand-pratiquer-et-a-quel-tarif-decouvrez-nos-offres-et-venez-nous-rejoindre\/\" \/>\n<meta property=\"og:site_name\" content=\"KravMaga Accord 68\" \/>\n<meta property=\"article:publisher\" content=\"https:\/\/www.facebook.com\/Krav-Maga-Accord68-1121771644641324\/\" \/>\n<meta property=\"article:modified_time\" content=\"2025-09-08T10:04:31+00:00\" \/>\n<meta name=\"twitter:card\" content=\"summary_large_image\" \/>\n<meta name=\"twitter:label1\" content=\"Dur\u00e9e de lecture estim\u00e9e\" \/>\n\t<meta name=\"twitter:data1\" content=\"1 minute\" \/>\n<script type=\"application\/ld+json\" class=\"yoast-schema-graph\">{\"@context\":\"https:\/\/schema.org\",\"@graph\":[{\"@type\":\"WebPage\",\"@id\":\"https:\/\/kravmaga-accord68.com\/index.php\/kma68-infos-pratiques-ou-et-quand-pratiquer-et-a-quel-tarif-decouvrez-nos-offres-et-venez-nous-rejoindre\/\",\"url\":\"https:\/\/kravmaga-accord68.com\/index.php\/kma68-infos-pratiques-ou-et-quand-pratiquer-et-a-quel-tarif-decouvrez-nos-offres-et-venez-nous-rejoindre\/\",\"name\":\"Infos du KravMaga Accord 68 pour d\u00e9couvrir ou se perfectionner\",\"isPartOf\":{\"@id\":\"https:\/\/kravmaga-accord68.com\/#website\"},\"datePublished\":\"2019-09-26T09:50:48+00:00\",\"dateModified\":\"2025-09-08T10:04:31+00:00\",\"description\":\"Le KravMaga Accord 68 vous accueille \u00e0 Altkirch, Colmar et Morschwiller le Bas. D\u00e9couvrir, tester ou perfectionner ? Toutes les infos pratiques ici !\",\"breadcrumb\":{\"@id\":\"https:\/\/kravmaga-accord68.com\/index.php\/kma68-infos-pratiques-ou-et-quand-pratiquer-et-a-quel-tarif-decouvrez-nos-offres-et-venez-nous-rejoindre\/#breadcrumb\"},\"inLanguage\":\"fr-FR\",\"potentialAction\":[{\"@type\":\"ReadAction\",\"target\":[\"https:\/\/kravmaga-accord68.com\/index.php\/kma68-infos-pratiques-ou-et-quand-pratiquer-et-a-quel-tarif-decouvrez-nos-offres-et-venez-nous-rejoindre\/\"]}]},{\"@type\":\"BreadcrumbList\",\"@id\":\"https:\/\/kravmaga-accord68.com\/index.php\/kma68-infos-pratiques-ou-et-quand-pratiquer-et-a-quel-tarif-decouvrez-nos-offres-et-venez-nous-rejoindre\/#breadcrumb\",\"itemListElement\":[{\"@type\":\"ListItem\",\"position\":1,\"name\":\"Home\",\"item\":\"https:\/\/kravmaga-accord68.com\/\"},{\"@type\":\"ListItem\",\"position\":2,\"name\":\"Infos pratiques du KMA68\"}]},{\"@type\":\"WebSite\",\"@id\":\"https:\/\/kravmaga-accord68.com\/#website\",\"url\":\"https:\/\/kravmaga-accord68.com\/\",\"name\":\"KravMaga Accord 68\",\"description\":\"Vae Victis\",\"publisher\":{\"@id\":\"https:\/\/kravmaga-accord68.com\/#organization\"},\"potentialAction\":[{\"@type\":\"SearchAction\",\"target\":{\"@type\":\"EntryPoint\",\"urlTemplate\":\"https:\/\/kravmaga-accord68.com\/?s={search_term_string}\"},\"query-input\":\"required name=search_term_string\"}],\"inLanguage\":\"fr-FR\"},{\"@type\":\"Organization\",\"@id\":\"https:\/\/kravmaga-accord68.com\/#organization\",\"name\":\"Krav Maga Accord 68\",\"url\":\"https:\/\/kravmaga-accord68.com\/\",\"logo\":{\"@type\":\"ImageObject\",\"inLanguage\":\"fr-FR\",\"@id\":\"https:\/\/kravmaga-accord68.com\/#\/schema\/logo\/image\/\",\"url\":\"http:\/\/kravmaga-accord68.com\/wp-content\/uploads\/2019\/11\/Photo-1-100.jpg\",\"contentUrl\":\"http:\/\/kravmaga-accord68.com\/wp-content\/uploads\/2019\/11\/Photo-1-100.jpg\",\"width\":567,\"height\":426,\"caption\":\"Krav Maga Accord 68\"},\"image\":{\"@id\":\"https:\/\/kravmaga-accord68.com\/#\/schema\/logo\/image\/\"},\"sameAs\":[\"https:\/\/www.facebook.com\/Krav-Maga-Accord68-1121771644641324\/\"]}]}<\/script>\n<!-- \/ Yoast SEO plugin. -->","yoast_head_json":{"title":"Infos du KravMaga Accord 68 pour d\u00e9couvrir ou se perfectionner","description":"Le KravMaga Accord 68 vous accueille \u00e0 Altkirch, Colmar et Morschwiller le Bas. D\u00e9couvrir, tester ou perfectionner ? Toutes les infos pratiques ici !","robots":{"index":"index","follow":"follow","max-snippet":"max-snippet:-1","max-image-preview":"max-image-preview:large","max-video-preview":"max-video-preview:-1"},"canonical":"https:\/\/kravmaga-accord68.com\/index.php\/kma68-infos-pratiques-ou-et-quand-pratiquer-et-a-quel-tarif-decouvrez-nos-offres-et-venez-nous-rejoindre\/","og_locale":"fr_FR","og_type":"article","og_title":"Infos du KravMaga Accord 68 pour d\u00e9couvrir ou se perfectionner","og_description":"Le KravMaga Accord 68 vous accueille \u00e0 Altkirch, Colmar et Morschwiller le Bas. D\u00e9couvrir, tester ou perfectionner ? Toutes les infos pratiques ici !","og_url":"https:\/\/kravmaga-accord68.com\/index.php\/kma68-infos-pratiques-ou-et-quand-pratiquer-et-a-quel-tarif-decouvrez-nos-offres-et-venez-nous-rejoindre\/","og_site_name":"KravMaga Accord 68","article_publisher":"https:\/\/www.facebook.com\/Krav-Maga-Accord68-1121771644641324\/","article_modified_time":"2025-09-08T10:04:31+00:00","twitter_card":"summary_large_image","twitter_misc":{"Dur\u00e9e de lecture estim\u00e9e":"1 minute"},"schema":{"@context":"https:\/\/schema.org","@graph":[{"@type":"WebPage","@id":"https:\/\/kravmaga-accord68.com\/index.php\/kma68-infos-pratiques-ou-et-quand-pratiquer-et-a-quel-tarif-decouvrez-nos-offres-et-venez-nous-rejoindre\/","url":"https:\/\/kravmaga-accord68.com\/index.php\/kma68-infos-pratiques-ou-et-quand-pratiquer-et-a-quel-tarif-decouvrez-nos-offres-et-venez-nous-rejoindre\/","name":"Infos du KravMaga Accord 68 pour d\u00e9couvrir ou se perfectionner","isPartOf":{"@id":"https:\/\/kravmaga-accord68.com\/#website"},"datePublished":"2019-09-26T09:50:48+00:00","dateModified":"2025-09-08T10:04:31+00:00","description":"Le KravMaga Accord 68 vous accueille \u00e0 Altkirch, Colmar et Morschwiller le Bas. D\u00e9couvrir, tester ou perfectionner ? Toutes les infos pratiques ici !","breadcrumb":{"@id":"https:\/\/kravmaga-accord68.com\/index.php\/kma68-infos-pratiques-ou-et-quand-pratiquer-et-a-quel-tarif-decouvrez-nos-offres-et-venez-nous-rejoindre\/#breadcrumb"},"inLanguage":"fr-FR","potentialAction":[{"@type":"ReadAction","target":["https:\/\/kravmaga-accord68.com\/index.php\/kma68-infos-pratiques-ou-et-quand-pratiquer-et-a-quel-tarif-decouvrez-nos-offres-et-venez-nous-rejoindre\/"]}]},{"@type":"BreadcrumbList","@id":"https:\/\/kravmaga-accord68.com\/index.php\/kma68-infos-pratiques-ou-et-quand-pratiquer-et-a-quel-tarif-decouvrez-nos-offres-et-venez-nous-rejoindre\/#breadcrumb","itemListElement":[{"@type":"ListItem","position":1,"name":"Home","item":"https:\/\/kravmaga-accord68.com\/"},{"@type":"ListItem","position":2,"name":"Infos pratiques du KMA68"}]},{"@type":"WebSite","@id":"https:\/\/kravmaga-accord68.com\/#website","url":"https:\/\/kravmaga-accord68.com\/","name":"KravMaga Accord 68","description":"Vae Victis","publisher":{"@id":"https:\/\/kravmaga-accord68.com\/#organization"},"potentialAction":[{"@type":"SearchAction","target":{"@type":"EntryPoint","urlTemplate":"https:\/\/kravmaga-accord68.com\/?s={search_term_string}"},"query-input":"required name=search_term_string"}],"inLanguage":"fr-FR"},{"@type":"Organization","@id":"https:\/\/kravmaga-accord68.com\/#organization","name":"Krav Maga Accord 68","url":"https:\/\/kravmaga-accord68.com\/","logo":{"@type":"ImageObject","inLanguage":"fr-FR","@id":"https:\/\/kravmaga-accord68.com\/#\/schema\/logo\/image\/","url":"http:\/\/kravmaga-accord68.com\/wp-content\/uploads\/2019\/11\/Photo-1-100.jpg","contentUrl":"http:\/\/kravmaga-accord68.com\/wp-content\/uploads\/2019\/11\/Photo-1-100.jpg","width":567,"height":426,"caption":"Krav Maga Accord 68"},"image":{"@id":"https:\/\/kravmaga-accord68.com\/#\/schema\/logo\/image\/"},"sameAs":["https:\/\/www.facebook.com\/Krav-Maga-Accord68-1121771644641324\/"]}]}},"_links":{"self":[{"href":"https:\/\/kravmaga-accord68.com\/index.php\/wp-json\/wp\/v2\/pages\/7"}],"collection":[{"href":"https:\/\/kravmaga-accord68.com\/index.php\/wp-json\/wp\/v2\/pages"}],"about":[{"href":"https:\/\/kravmaga-accord68.com\/index.php\/wp-json\/wp\/v2\/types\/page"}],"author":[{"embeddable":true,"href":"https:\/\/kravmaga-accord68.com\/index.php\/wp-json\/wp\/v2\/users\/1"}],"replies":[{"embeddable":true,"href":"https:\/\/kravmaga-accord68.com\/index.php\/wp-json\/wp\/v2\/comments?post=7"}],"version-history":[{"count":26,"href":"https:\/\/kravmaga-accord68.com\/index.php\/wp-json\/wp\/v2\/pages\/7\/revisions"}],"predecessor-version":[{"id":213,"href":"https:\/\/kravmaga-accord68.com\/index.php\/wp-json\/wp\/v2\/pages\/7\/revisions\/213"}],"wp:attachment":[{"href":"https:\/\/kravmaga-accord68.com\/index.php\/wp-json\/wp\/v2\/media?parent=7"}],"curies":[{"name":"wp","href":"https:\/\/api.w.org\/{rel}","templated":true}]}}